{"id":14,"date":"2024-12-27T15:57:42","date_gmt":"2024-12-27T15:57:42","guid":{"rendered":"https:\/\/tekcorp.net.pe\/?page_id=14"},"modified":"2025-12-03T07:34:31","modified_gmt":"2025-12-03T07:34:31","slug":"nosotros","status":"publish","type":"page","link":"https:\/\/tekcorp.net.pe\/en\/nosotros\/","title":{"rendered":"About Us"},"content":{"rendered":"\t\t<div data-elementor-type=\"wp-page\" data-elementor-id=\"14\" class=\"elementor elementor-14\">\n\t\t\t\t<div class=\"elementor-element elementor-element-194afb49 e-con-full e-flex e-con e-parent\" data-id=\"194afb49\" data-element_type=\"container\" data-e-type=\"container\" data-settings=\"{&quot;background_background&quot;:&quot;slideshow&quot;,&quot;background_slideshow_gallery&quot;:[{&quot;id&quot;:457,&quot;url&quot;:&quot;https:\\\/\\\/tekcorp.net.pe\\\/wp-content\\\/uploads\\\/2025\\\/01\\\/fondo10.jpg&quot;},{&quot;id&quot;:458,&quot;url&quot;:&quot;https:\\\/\\\/tekcorp.net.pe\\\/wp-content\\\/uploads\\\/2025\\\/01\\\/fondo11.jpg&quot;},{&quot;id&quot;:459,&quot;url&quot;:&quot;https:\\\/\\\/tekcorp.net.pe\\\/wp-content\\\/uploads\\\/2025\\\/01\\\/fondo12.jpg&quot;},{&quot;id&quot;:463,&quot;url&quot;:&quot;https:\\\/\\\/tekcorp.net.pe\\\/wp-content\\\/uploads\\\/2025\\\/01\\\/fondo13.jpg&quot;}],&quot;background_slideshow_loop&quot;:&quot;yes&quot;,&quot;background_slideshow_slide_duration&quot;:5000,&quot;background_slideshow_slide_transition&quot;:&quot;fade&quot;,&quot;background_slideshow_transition_duration&quot;:500}\">\n\t\t<div class=\"elementor-element elementor-element-47814e35 e-flex e-con-boxed e-con e-child\" data-id=\"47814e35\" data-element_type=\"container\" data-e-type=\"container\">\n\t\t\t\t\t<div class=\"e-con-inner\">\n\t\t\t\t<div class=\"elementor-element elementor-element-4f05cd53 elementor-widget elementor-widget-heading\" data-id=\"4f05cd53\" data-element_type=\"widget\" data-e-type=\"widget\" data-widget_type=\"heading.default\">\n\t\t\t\t<div class=\"elementor-widget-container\">\n\t\t\t\t\t<h2 class=\"elementor-heading-title elementor-size-default\">TEKCorp Nosotros<\/h2>\t\t\t\t<\/div>\n\t\t\t\t<\/div>\n\t\t\t\t<div class=\"elementor-element elementor-element-4b141e7c elementor-widget__width-initial elementor-widget elementor-widget-text-editor\" data-id=\"4b141e7c\" data-element_type=\"widget\" data-e-type=\"widget\" data-widget_type=\"text-editor.default\">\n\t\t\t\t<div class=\"elementor-widget-container\">\n\t\t\t\t\t\t\t\t\t<p>Impulsamos el futuro de la aviaci\u00f3n con tecnolog\u00eda de vanguardia y un compromiso inquebrantable con la seguridad, la innovaci\u00f3n y la sostenibilidad<\/p>\t\t\t\t\t\t\t\t<\/div>\n\t\t\t\t<\/div>\n\t\t\t\t\t<\/div>\n\t\t\t\t<\/div>\n\t\t\t\t<\/div>\n\t\t<div class=\"elementor-element elementor-element-0bdfade e-flex e-con-boxed e-con e-parent\" data-id=\"0bdfade\" data-element_type=\"container\" data-e-type=\"container\" data-settings=\"{&quot;background_background&quot;:&quot;classic&quot;}\">\n\t\t\t\t\t<div class=\"e-con-inner\">\n\t\t<div class=\"elementor-element elementor-element-5fbc4b6 e-con-full e-flex e-con e-child\" data-id=\"5fbc4b6\" data-element_type=\"container\" data-e-type=\"container\">\n\t\t\t\t<div class=\"elementor-element elementor-element-5e45f79 elementor-widget elementor-widget-heading\" data-id=\"5e45f79\" data-element_type=\"widget\" data-e-type=\"widget\" data-widget_type=\"heading.default\">\n\t\t\t\t<div class=\"elementor-widget-container\">\n\t\t\t\t\t<h2 class=\"elementor-heading-title elementor-size-default\">TEKCorp Nosotros<\/h2>\t\t\t\t<\/div>\n\t\t\t\t<\/div>\n\t\t\t\t<div class=\"elementor-element elementor-element-95b7cc4 elementor-widget elementor-widget-text-editor\" data-id=\"95b7cc4\" data-element_type=\"widget\" data-e-type=\"widget\" data-widget_type=\"text-editor.default\">\n\t\t\t\t<div class=\"elementor-widget-container\">\n\t\t\t\t\t\t\t\t\t<p>Impulsamos el futuro de la aviaci\u00f3n con tecnolog\u00eda de vanguardia y un compromiso inquebrantable con la seguridad, la innovaci\u00f3n y la sostenibilidad<\/p>\t\t\t\t\t\t\t\t<\/div>\n\t\t\t\t<\/div>\n\t\t\t\t<div class=\"elementor-element elementor-element-e581ccd elementor-widget elementor-widget-heading\" data-id=\"e581ccd\" data-element_type=\"widget\" data-e-type=\"widget\" data-widget_type=\"heading.default\">\n\t\t\t\t<div class=\"elementor-widget-container\">\n\t\t\t\t\t<h2 class=\"elementor-heading-title elementor-size-default\">\u00bfQui\u00e9nes somos?<\/h2>\t\t\t\t<\/div>\n\t\t\t\t<\/div>\n\t\t\t\t<div class=\"elementor-element elementor-element-c797251 elementor-widget elementor-widget-text-editor\" data-id=\"c797251\" data-element_type=\"widget\" data-e-type=\"widget\" data-widget_type=\"text-editor.default\">\n\t\t\t\t<div class=\"elementor-widget-container\">\n\t\t\t\t\t\t\t\t\t<p><strong>TEK CORPORATION<\/strong>\u00a0es una empresa de mantenimiento, reparaci\u00f3n y proveedor aeron\u00e1utico, la empresa lo conforman un equipo de profesionales aeron\u00e1uticos con m\u00e1s de 30 a\u00f1os de experiencia en el mantenimiento y log\u00edstica aeron\u00e1utica con la misi\u00f3n de brindar un adecuado mantenimiento y soporte logistico a helicopteros y aviones bajo los reglamentos de la autoridad aeronautica y que representa a empresas aeron\u00e1uticas de europa, am\u00e9rica del norte, india, emiratos arabes y de latinoamerica.<\/p><p>Nuestra empresa proviene de la Organizaci\u00f3n de Mantenimiento Aprobada: OMA N\u00b0 086 HELISERVICE AVIATION SAC. Con base de operaci\u00f3n y mantenimiento en la Localidad de Yarinacocha &#8211; Pucallpa &#8211; Per\u00fa<\/p>\t\t\t\t\t\t\t\t<\/div>\n\t\t\t\t<\/div>\n\t\t\t\t<\/div>\n\t\t<div class=\"elementor-element elementor-element-b06bbd4 e-con-full e-flex e-con e-child\" data-id=\"b06bbd4\" data-element_type=\"container\" data-e-type=\"container\">\n\t\t\t\t<div class=\"elementor-element elementor-element-979b29c elementor-widget elementor-widget-image\" data-id=\"979b29c\" data-element_type=\"widget\" data-e-type=\"widget\" data-widget_type=\"image.default\">\n\t\t\t\t<div class=\"elementor-widget-container\">\n\t\t\t\t\t\t\t\t\t\t\t\t\t\t\t<img decoding=\"async\" src=\"https:\/\/tekcorp.net.pe\/wp-content\/uploads\/elementor\/thumbs\/alvarado-r008c58r03fojigh7wah0b3eh9fgbha1uyj409gqlc.png\" title=\"alvarado\" alt=\"alvarado\" loading=\"lazy\" \/>\t\t\t\t\t\t\t\t\t\t\t\t\t\t\t<\/div>\n\t\t\t\t<\/div>\n\t\t\t\t<div class=\"elementor-element elementor-element-569fdf2 elementor-widget elementor-widget-heading\" data-id=\"569fdf2\" data-element_type=\"widget\" data-e-type=\"widget\" data-widget_type=\"heading.default\">\n\t\t\t\t<div class=\"elementor-widget-container\">\n\t\t\t\t\t<h2 class=\"elementor-heading-title elementor-size-default\">Ing. Aeron\u00e1utico Emilio Alvarado Torres<\/h2>\t\t\t\t<\/div>\n\t\t\t\t<\/div>\n\t\t\t\t<div class=\"elementor-element elementor-element-3f05950 elementor-widget elementor-widget-heading\" data-id=\"3f05950\" data-element_type=\"widget\" data-e-type=\"widget\" data-widget_type=\"heading.default\">\n\t\t\t\t<div class=\"elementor-widget-container\">\n\t\t\t\t\t<h2 class=\"elementor-heading-title elementor-size-default\">Fundador &amp; CEO<\/h2>\t\t\t\t<\/div>\n\t\t\t\t<\/div>\n\t\t\t\t<div class=\"elementor-element elementor-element-b0d5e09 elementor-widget elementor-widget-text-editor\" data-id=\"b0d5e09\" data-element_type=\"widget\" data-e-type=\"widget\" data-widget_type=\"text-editor.default\">\n\t\t\t\t<div class=\"elementor-widget-container\">\n\t\t\t\t\t\t\t\t\t<p>Ingeniero Aeron\u00e1utico con registro de CIP 50559 y Mag\u00edster en Ingenier\u00eda Aeron\u00e1utica, con m\u00e1s de 25 a\u00f1os de experiencia profesional.<\/p><p>Experto en organizaciones de empresas y talleres aeron\u00e1uticos, en proyectos, dise\u00f1o y supervisi\u00f3n, as\u00ed como en procesos de certificaci\u00f3n.<\/p><p>Antecedentes:<\/p><ul><li>Inspector de Aeronavegabilidad de la Direcci\u00f3n Nacional de Aeron\u00e1utica (DGAC) del Ministerio de\u00a0 Transportes y Comunicaciones &#8211; MTC de la Rep\u00fablica del Per\u00fa.<\/li><li>Gerente General de HELISERVICE &#8211; OMA N\u00b0 086-<\/li><li>Gerente del Sistema de Gesti\u00f3n de Calidad de AEROSEA -OMA N\u00b0 102.<\/li><\/ul>\t\t\t\t\t\t\t\t<\/div>\n\t\t\t\t<\/div>\n\t\t\t\t<\/div>\n\t\t<div class=\"elementor-element elementor-element-d5710af e-con-full e-flex e-con e-child\" data-id=\"d5710af\" data-element_type=\"container\" data-e-type=\"container\">\n\t\t\t\t<div class=\"elementor-element elementor-element-f6ccc24 elementor-widget elementor-widget-image\" data-id=\"f6ccc24\" data-element_type=\"widget\" data-e-type=\"widget\" data-widget_type=\"image.default\">\n\t\t\t\t<div class=\"elementor-widget-container\">\n\t\t\t\t\t\t\t\t\t\t\t\t\t\t\t<img decoding=\"async\" src=\"https:\/\/tekcorp.net.pe\/wp-content\/uploads\/elementor\/thumbs\/nilo.fw_-r00nb13r5r4mnhp3ibzjztlusrc08jm5m6xfu4gdcw.png\" title=\"nilo.fw\" alt=\"nilo.fw\" loading=\"lazy\" \/>\t\t\t\t\t\t\t\t\t\t\t\t\t\t\t<\/div>\n\t\t\t\t<\/div>\n\t\t\t\t<div class=\"elementor-element elementor-element-4dc0a6d elementor-widget elementor-widget-heading\" data-id=\"4dc0a6d\" data-element_type=\"widget\" data-e-type=\"widget\" data-widget_type=\"heading.default\">\n\t\t\t\t<div class=\"elementor-widget-container\">\n\t\t\t\t\t<h2 class=\"elementor-heading-title elementor-size-default\">Ing. Aeron\u00e1utico Nilo R\u00edos Tejada<\/h2>\t\t\t\t<\/div>\n\t\t\t\t<\/div>\n\t\t\t\t<div class=\"elementor-element elementor-element-cd430ae elementor-widget elementor-widget-heading\" data-id=\"cd430ae\" data-element_type=\"widget\" data-e-type=\"widget\" data-widget_type=\"heading.default\">\n\t\t\t\t<div class=\"elementor-widget-container\">\n\t\t\t\t\t<h2 class=\"elementor-heading-title elementor-size-default\">Fundador &amp; Director<\/h2>\t\t\t\t<\/div>\n\t\t\t\t<\/div>\n\t\t\t\t<div class=\"elementor-element elementor-element-66d6d1c elementor-widget elementor-widget-text-editor\" data-id=\"66d6d1c\" data-element_type=\"widget\" data-e-type=\"widget\" data-widget_type=\"text-editor.default\">\n\t\t\t\t<div class=\"elementor-widget-container\">\n\t\t\t\t\t\t\t\t\t<p>Ingeniero Aeron\u00e1utico con registro de CIP 32455 y Mag\u00edster en Ingenier\u00eda Aeron\u00e1utica, con m\u00e1s de 35 a\u00f1os de experiencia profesional.<\/p><p>Experto en mantenimiento, reparaci\u00f3n y log\u00edstica de aviones y helic\u00f3pteros.<\/p><p>Desarrolla proyectos, dise\u00f1o y supervisi\u00f3n de talleres aeron\u00e1uticos &#8211; OMAs.<\/p><p>\u00a0Antecedentes:<\/p><ul><li>Secci\u00f3n de ingeniera del Grupo a\u00e9reo No. 8 &#8211; Fuerza A\u00e9rea del Per\u00fa.<\/li><li>Departamento de Ingenier\u00eda C\u00eda. Faucett \u2013 Per\u00fa.<\/li><li>Log\u00edstica en C\u00eda. Miami Aviation Service \u2013USA.<\/li><li>Gerente General de C\u00eda. NR Aeron\u00e1utica- mantenimiento y log\u00edstica aeron\u00e1utica.<\/li><\/ul>\t\t\t\t\t\t\t\t<\/div>\n\t\t\t\t<\/div>\n\t\t\t\t<\/div>\n\t\t\t\t\t<\/div>\n\t\t\t\t<\/div>\n\t\t<div class=\"elementor-element elementor-element-510c4c4 e-flex e-con-boxed e-con e-parent\" data-id=\"510c4c4\" data-element_type=\"container\" data-e-type=\"container\" data-settings=\"{&quot;background_background&quot;:&quot;classic&quot;}\">\n\t\t\t\t\t<div class=\"e-con-inner\">\n\t\t\t\t<div class=\"elementor-element elementor-element-ad14978 elementor-widget elementor-widget-text-editor\" data-id=\"ad14978\" data-element_type=\"widget\" data-e-type=\"widget\" data-widget_type=\"text-editor.default\">\n\t\t\t\t<div class=\"elementor-widget-container\">\n\t\t\t\t\t\t\t\t\t<p><strong>TEK CORPORATION<\/strong> se compromete a proporcionar a sus clientes y socios soluciones completas de Mantenimiento para helic\u00f3pteros y aeronaves, que cumplen plenamente con los m\u00e1s altos est\u00e1ndares internacionales y las regulaciones aeronauticas, el equipo de <strong>TEK CORPORATION<\/strong> se enorgullece de la confianza mostradas por varias instituciones gubernamentales y empresas privadas del Peru y del extranjero.<\/p><p>Al ser una organizaci\u00f3n aeronautica <strong>TEK CORPORATION\u00a0<\/strong>y poser vinculos con fabricantes y talleres de reparaciones, mantenimiento y soporte aeronautico de Europa, Am\u00e9rica del Norte, India, Emiratos arabes y de Latinoamerica, ofrece una amplia gama de servicios de reparaci\u00f3n y overhaul de componentes y soporte logistico para varios tipos de helic\u00f3pteros MI, BELL, aviones \u00a0Antonov, Tucano, C-130, Boeing, Motores PT6.<\/p>\t\t\t\t\t\t\t\t<\/div>\n\t\t\t\t<\/div>\n\t\t\t\t\t<\/div>\n\t\t\t\t<\/div>\n\t\t\t\t<\/div>\n\t\t","protected":false},"excerpt":{"rendered":"<p>TEKCorp Nosotros Impulsamos el futuro de la aviaci\u00f3n con tecnolog\u00eda de vanguardia y un compromiso inquebrantable con la seguridad, la [&hellip;]<\/p>\n","protected":false},"author":1,"featured_media":0,"parent":0,"menu_order":0,"comment_status":"closed","ping_status":"closed","template":"","meta":{"site-sidebar-layout":"no-sidebar","site-content-layout":"","ast-site-content-layout":"full-width-container","site-content-style":"default","site-sidebar-style":"default","ast-global-header-display":"","ast-banner-title-visibility":"","ast-main-header-display":"","ast-hfb-above-header-display":"","ast-hfb-below-header-display":"","ast-hfb-mobile-header-display":"","site-post-title":"disabled","ast-breadcrumbs-content":"","ast-featured-img":"disabled","footer-sml-layout":"","ast-disable-related-posts":"","theme-transparent-header-meta":"","adv-header-id-meta":"","stick-header-meta":"","header-above-stick-meta":"","header-main-stick-meta":"","header-below-stick-meta":"","astra-migrate-meta-layouts":"default","ast-page-background-enabled":"default","ast-page-background-meta":{"desktop":{"background-color":"var(--ast-global-color-4)","background-image":"","background-repeat":"repeat","background-position":"center center","background-size":"auto","background-attachment":"scroll","background-type":"","background-media":"","overlay-type":"","overlay-color":"","overlay-opacity":"","overlay-gradient":""},"tablet":{"background-color":"","background-image":"","background-repeat":"repeat","background-position":"center center","background-size":"auto","background-attachment":"scroll","background-type":"","background-media":"","overlay-type":"","overlay-color":"","overlay-opacity":"","overlay-gradient":""},"mobile":{"background-color":"","background-image":"","background-repeat":"repeat","background-position":"center center","background-size":"auto","background-attachment":"scroll","background-type":"","background-media":"","overlay-type":"","overlay-color":"","overlay-opacity":"","overlay-gradient":""}},"ast-content-background-meta":{"desktop":{"background-color":"var(--ast-global-color-5)","background-image":"","background-repeat":"repeat","background-position":"center center","background-size":"auto","background-attachment":"scroll","background-type":"","background-media":"","overlay-type":"","overlay-color":"","overlay-opacity":"","overlay-gradient":""},"tablet":{"background-color":"var(--ast-global-color-5)","background-image":"","background-repeat":"repeat","background-position":"center center","background-size":"auto","background-attachment":"scroll","background-type":"","background-media":"","overlay-type":"","overlay-color":"","overlay-opacity":"","overlay-gradient":""},"mobile":{"background-color":"var(--ast-global-color-5)","background-image":"","background-repeat":"repeat","background-position":"center center","background-size":"auto","background-attachment":"scroll","background-type":"","background-media":"","overlay-type":"","overlay-color":"","overlay-opacity":"","overlay-gradient":""}},"footnotes":""},"class_list":["post-14","page","type-page","status-publish","hentry"],"_links":{"self":[{"href":"https:\/\/tekcorp.net.pe\/en\/wp-json\/wp\/v2\/pages\/14","targetHints":{"allow":["GET"]}}],"collection":[{"href":"https:\/\/tekcorp.net.pe\/en\/wp-json\/wp\/v2\/pages"}],"about":[{"href":"https:\/\/tekcorp.net.pe\/en\/wp-json\/wp\/v2\/types\/page"}],"author":[{"embeddable":true,"href":"https:\/\/tekcorp.net.pe\/en\/wp-json\/wp\/v2\/users\/1"}],"replies":[{"embeddable":true,"href":"https:\/\/tekcorp.net.pe\/en\/wp-json\/wp\/v2\/comments?post=14"}],"version-history":[{"count":169,"href":"https:\/\/tekcorp.net.pe\/en\/wp-json\/wp\/v2\/pages\/14\/revisions"}],"predecessor-version":[{"id":1220,"href":"https:\/\/tekcorp.net.pe\/en\/wp-json\/wp\/v2\/pages\/14\/revisions\/1220"}],"wp:attachment":[{"href":"https:\/\/tekcorp.net.pe\/en\/wp-json\/wp\/v2\/media?parent=14"}],"curies":[{"name":"wp","href":"https:\/\/api.w.org\/{rel}","templated":true}]}}