{"id":11,"date":"2024-12-27T15:52:09","date_gmt":"2024-12-27T15:52:09","guid":{"rendered":"https:\/\/tekcorp.net.pe\/?page_id=11"},"modified":"2025-12-03T07:16:31","modified_gmt":"2025-12-03T07:16:31","slug":"inicio","status":"publish","type":"page","link":"https:\/\/tekcorp.net.pe\/en\/","title":{"rendered":"Home"},"content":{"rendered":"\t\t<div data-elementor-type=\"wp-page\" data-elementor-id=\"11\" class=\"elementor elementor-11\">\n\t\t\t\t<div class=\"elementor-element elementor-element-ed9779d e-con-full e-flex e-con e-parent\" data-id=\"ed9779d\" data-element_type=\"container\" data-e-type=\"container\" data-settings=\"{&quot;background_background&quot;:&quot;slideshow&quot;,&quot;background_slideshow_gallery&quot;:[{&quot;id&quot;:30,&quot;url&quot;:&quot;https:\\\/\\\/tekcorp.net.pe\\\/wp-content\\\/uploads\\\/2024\\\/12\\\/fondo1.jpg&quot;},{&quot;id&quot;:31,&quot;url&quot;:&quot;https:\\\/\\\/tekcorp.net.pe\\\/wp-content\\\/uploads\\\/2024\\\/12\\\/fondo2.jpg&quot;},{&quot;id&quot;:33,&quot;url&quot;:&quot;https:\\\/\\\/tekcorp.net.pe\\\/wp-content\\\/uploads\\\/2024\\\/12\\\/fonfo3.jpg&quot;},{&quot;id&quot;:32,&quot;url&quot;:&quot;https:\\\/\\\/tekcorp.net.pe\\\/wp-content\\\/uploads\\\/2024\\\/12\\\/fondo4.jpg&quot;}],&quot;background_slideshow_loop&quot;:&quot;yes&quot;,&quot;background_slideshow_slide_duration&quot;:5000,&quot;background_slideshow_slide_transition&quot;:&quot;fade&quot;,&quot;background_slideshow_transition_duration&quot;:500}\">\n\t\t<div class=\"elementor-element elementor-element-c55bd61 e-flex e-con-boxed e-con e-child\" data-id=\"c55bd61\" data-element_type=\"container\" data-e-type=\"container\">\n\t\t\t\t\t<div class=\"e-con-inner\">\n\t\t\t\t<div class=\"elementor-element elementor-element-20cecca elementor-widget elementor-widget-heading\" data-id=\"20cecca\" data-element_type=\"widget\" data-e-type=\"widget\" data-widget_type=\"heading.default\">\n\t\t\t\t<div class=\"elementor-widget-container\">\n\t\t\t\t\t<h2 class=\"elementor-heading-title elementor-size-default\">TEK Corporation<\/h2>\t\t\t\t<\/div>\n\t\t\t\t<\/div>\n\t\t\t\t<div class=\"elementor-element elementor-element-c4df9e1 elementor-widget__width-initial elementor-widget elementor-widget-text-editor\" data-id=\"c4df9e1\" data-element_type=\"widget\" data-e-type=\"widget\" data-widget_type=\"text-editor.default\">\n\t\t\t\t<div class=\"elementor-widget-container\">\n\t\t\t\t\t\t\t\t\t<p>Proveedor l\u00edder de servicios MRO y soluciones en Latinoam\u00e9rica, como en el entorno de Europa y Africa<\/p>\t\t\t\t\t\t\t\t<\/div>\n\t\t\t\t<\/div>\n\t\t\t\t\t<\/div>\n\t\t\t\t<\/div>\n\t\t\t\t<\/div>\n\t\t<div class=\"elementor-element elementor-element-3ea6bde e-flex e-con-boxed e-con e-parent\" data-id=\"3ea6bde\" data-element_type=\"container\" data-e-type=\"container\" data-settings=\"{&quot;background_background&quot;:&quot;classic&quot;}\">\n\t\t\t\t\t<div class=\"e-con-inner\">\n\t\t<div class=\"elementor-element elementor-element-d218a5a e-con-full e-flex e-con e-child\" data-id=\"d218a5a\" data-element_type=\"container\" data-e-type=\"container\" data-settings=\"{&quot;background_background&quot;:&quot;classic&quot;}\">\n\t\t\t\t<div class=\"elementor-element elementor-element-72dd69c elementor-widget elementor-widget-image\" data-id=\"72dd69c\" data-element_type=\"widget\" data-e-type=\"widget\" data-widget_type=\"image.default\">\n\t\t\t\t<div class=\"elementor-widget-container\">\n\t\t\t\t\t\t\t\t\t\t\t\t\t\t\t<img decoding=\"async\" width=\"300\" height=\"97\" src=\"https:\/\/tekcorp.net.pe\/wp-content\/uploads\/2024\/12\/cropped-logo5.fw_-276x89.png\" class=\"attachment-medium size-medium wp-image-62\" alt=\"\" srcset=\"https:\/\/tekcorp.net.pe\/wp-content\/uploads\/2024\/12\/cropped-logo5.fw_-300x97.png 300w, https:\/\/tekcorp.net.pe\/wp-content\/uploads\/2024\/12\/cropped-logo5.fw_-768x249.png 768w, https:\/\/tekcorp.net.pe\/wp-content\/uploads\/2024\/12\/cropped-logo5.fw_-18x6.png 18w, https:\/\/tekcorp.net.pe\/wp-content\/uploads\/2024\/12\/cropped-logo5.fw_-276x89.png 276w, https:\/\/tekcorp.net.pe\/wp-content\/uploads\/2024\/12\/cropped-logo5.fw_.png 788w\" sizes=\"(max-width: 300px) 100vw, 300px\" \/>\t\t\t\t\t\t\t\t\t\t\t\t\t\t\t<\/div>\n\t\t\t\t<\/div>\n\t\t\t\t<\/div>\n\t\t<div class=\"elementor-element elementor-element-ff4fc82 e-con-full e-flex e-con e-child\" data-id=\"ff4fc82\" data-element_type=\"container\" data-e-type=\"container\">\n\t\t\t\t<div class=\"elementor-element elementor-element-f25e8f1 elementor-widget elementor-widget-text-editor\" data-id=\"f25e8f1\" data-element_type=\"widget\" data-e-type=\"widget\" data-widget_type=\"text-editor.default\">\n\t\t\t\t<div class=\"elementor-widget-container\">\n\t\t\t\t\t\t\t\t\t<p><strong>TEK Corporation<\/strong>\u00a0es una empresa peruana, especializada en mantenimiento, reparaci\u00f3n y proveedor de productos aeron\u00e1utico.<\/p><p>La empresa lo conforma un grupo de profesionales especializados en la industria aeron\u00e1utica, con la misi\u00f3n de brindar un adecuado servicio t\u00e9cnico y soporte log\u00edsitico a helic\u00f3pteros y aviones cumpliendo los est\u00e1ndares y reglamentos de la autoridad aeron\u00e1utica.<\/p><p>Representamos y proveemos productos de empresas rusas, norteamericanas, hind\u00faes, emiratos \u00e1rabes y de latinoam\u00e9rica que se dedican a la aeron\u00e1utica.<\/p>\t\t\t\t\t\t\t\t<\/div>\n\t\t\t\t<\/div>\n\t\t\t\t<\/div>\n\t\t<div class=\"elementor-element elementor-element-05a0a05 e-con-full e-flex e-con e-child\" data-id=\"05a0a05\" data-element_type=\"container\" data-e-type=\"container\">\n\t\t\t\t<div class=\"elementor-element elementor-element-a4369a1 elementor-widget elementor-widget-image\" data-id=\"a4369a1\" data-element_type=\"widget\" data-e-type=\"widget\" data-widget_type=\"image.default\">\n\t\t\t\t<div class=\"elementor-widget-container\">\n\t\t\t\t\t\t\t\t\t\t\t\t\t\t\t<img decoding=\"async\" src=\"https:\/\/tekcorp.net.pe\/wp-content\/uploads\/elementor\/thumbs\/1a.fw_-qzi06pjbh4tx11ph7appqut8h4x4y9o4wludcrerhq.png\" title=\"1a.fw\" alt=\"1a.fw\" loading=\"lazy\" \/>\t\t\t\t\t\t\t\t\t\t\t\t\t\t\t<\/div>\n\t\t\t\t<\/div>\n\t\t\t\t<div class=\"elementor-element elementor-element-0cecaae elementor-widget elementor-widget-image\" data-id=\"0cecaae\" data-element_type=\"widget\" data-e-type=\"widget\" data-widget_type=\"image.default\">\n\t\t\t\t<div class=\"elementor-widget-container\">\n\t\t\t\t\t\t\t\t\t\t\t\t\t\t\t<img decoding=\"async\" src=\"https:\/\/tekcorp.net.pe\/wp-content\/uploads\/elementor\/thumbs\/2a.fw_-qzi08to8upq55gmvupmhutlklchv9r2e72op869vhq.png\" title=\"2a.fw\" alt=\"2a.fw\" loading=\"lazy\" \/>\t\t\t\t\t\t\t\t\t\t\t\t\t\t\t<\/div>\n\t\t\t\t<\/div>\n\t\t\t\t<\/div>\n\t\t<div class=\"elementor-element elementor-element-c2d2bc7 e-con-full e-flex e-con e-child\" data-id=\"c2d2bc7\" data-element_type=\"container\" data-e-type=\"container\">\n\t\t\t\t<div class=\"elementor-element elementor-element-254e3a6 elementor-widget elementor-widget-image\" data-id=\"254e3a6\" data-element_type=\"widget\" data-e-type=\"widget\" data-widget_type=\"image.default\">\n\t\t\t\t<div class=\"elementor-widget-container\">\n\t\t\t\t\t\t\t\t\t\t\t\t\t\t\t<img decoding=\"async\" src=\"https:\/\/tekcorp.net.pe\/wp-content\/uploads\/elementor\/thumbs\/3a.fw_-qzi0elekt3mifa955pf1nv6fvi1ziuz2nmv0abpvam.png\" title=\"3a.fw\" alt=\"3a.fw\" loading=\"lazy\" \/>\t\t\t\t\t\t\t\t\t\t\t\t\t\t\t<\/div>\n\t\t\t\t<\/div>\n\t\t\t\t<\/div>\n\t\t<div class=\"elementor-element elementor-element-cefbb01 e-con-full e-flex e-con e-child\" data-id=\"cefbb01\" data-element_type=\"container\" data-e-type=\"container\">\n\t\t\t\t<div class=\"elementor-element elementor-element-ff431fb elementor-widget elementor-widget-image\" data-id=\"ff431fb\" data-element_type=\"widget\" data-e-type=\"widget\" data-widget_type=\"image.default\">\n\t\t\t\t<div class=\"elementor-widget-container\">\n\t\t\t\t\t\t\t\t\t\t\t\t\t\t\t<img decoding=\"async\" src=\"https:\/\/tekcorp.net.pe\/wp-content\/uploads\/elementor\/thumbs\/5a.fw_-qzi0e2lt0ewrz30g7hai9zx7zsmn8wwfx1taoshqr2.png\" title=\"5a.fw\" alt=\"5a.fw\" loading=\"lazy\" \/>\t\t\t\t\t\t\t\t\t\t\t\t\t\t\t<\/div>\n\t\t\t\t<\/div>\n\t\t\t\t<\/div>\n\t\t<div class=\"elementor-element elementor-element-c09d4b9 e-con-full e-flex e-con e-child\" data-id=\"c09d4b9\" data-element_type=\"container\" data-e-type=\"container\">\n\t\t\t\t<div class=\"elementor-element elementor-element-4eb0562 elementor-widget elementor-widget-image\" data-id=\"4eb0562\" data-element_type=\"widget\" data-e-type=\"widget\" data-widget_type=\"image.default\">\n\t\t\t\t<div class=\"elementor-widget-container\">\n\t\t\t\t\t\t\t\t\t\t\t\t\t\t\t<img decoding=\"async\" src=\"https:\/\/tekcorp.net.pe\/wp-content\/uploads\/elementor\/thumbs\/4a.fw_-qzi0dmmjs8awhpnnssdullydw8tem2506uq1j35fou.png\" title=\"4a.fw\" alt=\"4a.fw\" loading=\"lazy\" \/>\t\t\t\t\t\t\t\t\t\t\t\t\t\t\t<\/div>\n\t\t\t\t<\/div>\n\t\t\t\t<\/div>\n\t\t\t\t\t<\/div>\n\t\t\t\t<\/div>\n\t\t<div class=\"elementor-element elementor-element-2aa9054 e-con-full e-flex e-con e-parent\" data-id=\"2aa9054\" data-element_type=\"container\" data-e-type=\"container\" data-settings=\"{&quot;background_background&quot;:&quot;classic&quot;}\">\n\t\t\t\t<div class=\"elementor-element elementor-element-8b30c87 elementor-widget elementor-widget-heading\" data-id=\"8b30c87\" data-element_type=\"widget\" data-e-type=\"widget\" data-widget_type=\"heading.default\">\n\t\t\t\t<div class=\"elementor-widget-container\">\n\t\t\t\t\t<h2 class=\"elementor-heading-title elementor-size-default\">MANTENIMIENTO Y SUMINISTROS<\/h2>\t\t\t\t<\/div>\n\t\t\t\t<\/div>\n\t\t<div class=\"elementor-element elementor-element-e0931e7 e-grid e-con-boxed e-con e-child\" data-id=\"e0931e7\" data-element_type=\"container\" data-e-type=\"container\">\n\t\t\t\t\t<div class=\"e-con-inner\">\n\t\t\t\t<div class=\"elementor-element elementor-element-996a586 elementor-widget elementor-widget-heading\" data-id=\"996a586\" data-element_type=\"widget\" data-e-type=\"widget\" data-widget_type=\"heading.default\">\n\t\t\t\t<div class=\"elementor-widget-container\">\n\t\t\t\t\t<h2 class=\"elementor-heading-title elementor-size-default\">2000<\/h2>\t\t\t\t<\/div>\n\t\t\t\t<\/div>\n\t\t\t\t<div class=\"elementor-element elementor-element-115b276 elementor-widget elementor-widget-heading\" data-id=\"115b276\" data-element_type=\"widget\" data-e-type=\"widget\" data-widget_type=\"heading.default\">\n\t\t\t\t<div class=\"elementor-widget-container\">\n\t\t\t\t\t<h2 class=\"elementor-heading-title elementor-size-default\">2012<\/h2>\t\t\t\t<\/div>\n\t\t\t\t<\/div>\n\t\t\t\t<div class=\"elementor-element elementor-element-ee39940 elementor-widget elementor-widget-heading\" data-id=\"ee39940\" data-element_type=\"widget\" data-e-type=\"widget\" data-widget_type=\"heading.default\">\n\t\t\t\t<div class=\"elementor-widget-container\">\n\t\t\t\t\t<h2 class=\"elementor-heading-title elementor-size-default\">2016<\/h2>\t\t\t\t<\/div>\n\t\t\t\t<\/div>\n\t\t\t\t<div class=\"elementor-element elementor-element-8555c23 elementor-widget elementor-widget-heading\" data-id=\"8555c23\" data-element_type=\"widget\" data-e-type=\"widget\" data-widget_type=\"heading.default\">\n\t\t\t\t<div class=\"elementor-widget-container\">\n\t\t\t\t\t<h2 class=\"elementor-heading-title elementor-size-default\">2024<\/h2>\t\t\t\t<\/div>\n\t\t\t\t<\/div>\n\t\t\t\t\t<\/div>\n\t\t\t\t<\/div>\n\t\t\t\t<div class=\"elementor-element elementor-element-b864441 elementor-widget elementor-widget-image\" data-id=\"b864441\" data-element_type=\"widget\" data-e-type=\"widget\" data-widget_type=\"image.default\">\n\t\t\t\t<div class=\"elementor-widget-container\">\n\t\t\t\t\t\t\t\t\t\t\t\t\t\t\t<img fetchpriority=\"high\" decoding=\"async\" width=\"1250\" height=\"52\" src=\"https:\/\/tekcorp.net.pe\/wp-content\/uploads\/2025\/01\/flecha.fw_.png\" class=\"attachment-full size-full wp-image-251\" alt=\"\" srcset=\"https:\/\/tekcorp.net.pe\/wp-content\/uploads\/2025\/01\/flecha.fw_.png 1250w, https:\/\/tekcorp.net.pe\/wp-content\/uploads\/2025\/01\/flecha.fw_-300x12.png 300w, https:\/\/tekcorp.net.pe\/wp-content\/uploads\/2025\/01\/flecha.fw_-1024x43.png 1024w, https:\/\/tekcorp.net.pe\/wp-content\/uploads\/2025\/01\/flecha.fw_-768x32.png 768w\" sizes=\"(max-width: 1250px) 100vw, 1250px\" \/>\t\t\t\t\t\t\t\t\t\t\t\t\t\t\t<\/div>\n\t\t\t\t<\/div>\n\t\t\t\t<div class=\"elementor-element elementor-element-bff645a elementor-widget elementor-widget-text-editor\" data-id=\"bff645a\" data-element_type=\"widget\" data-e-type=\"widget\" data-widget_type=\"text-editor.default\">\n\t\t\t\t<div class=\"elementor-widget-container\">\n\t\t\t\t\t\t\t\t\t<ul><li>Proveedor l\u00edder de servicios MRO y soluciones de tanto en Latinoam\u00e9rica, como en el entorno de Europa y Afr\u00edca.<\/li><li>Proveedor de bienes y servicios del estado peruano.<\/li><li>Cartera de productos y servicios totalmente certificada.<\/li><li>M\u00e1s de 20 a\u00f1os en la industria aeron\u00e1utica y log\u00edstica.<\/li><li>Enf\u00e1sis continuo en TOP QUALITY.<\/li><\/ul>\t\t\t\t\t\t\t\t<\/div>\n\t\t\t\t<\/div>\n\t\t\t\t<\/div>\n\t\t<div class=\"elementor-element elementor-element-90d997f e-flex e-con-boxed e-con e-parent\" data-id=\"90d997f\" data-element_type=\"container\" data-e-type=\"container\">\n\t\t\t\t\t<div class=\"e-con-inner\">\n\t\t<div class=\"elementor-element elementor-element-4d6e372 e-con-full e-flex e-con e-child\" data-id=\"4d6e372\" data-element_type=\"container\" data-e-type=\"container\">\n\t\t\t\t<div class=\"elementor-element elementor-element-6eb369d elementor-widget elementor-widget-heading\" data-id=\"6eb369d\" data-element_type=\"widget\" data-e-type=\"widget\" data-widget_type=\"heading.default\">\n\t\t\t\t<div class=\"elementor-widget-container\">\n\t\t\t\t\t<h2 class=\"elementor-heading-title elementor-size-default\">Motivos para contar con nuestros servicios \u2026<\/h2>\t\t\t\t<\/div>\n\t\t\t\t<\/div>\n\t\t\t\t<\/div>\n\t\t<div class=\"elementor-element elementor-element-bd5b5ec e-con-full e-flex e-con e-child\" data-id=\"bd5b5ec\" data-element_type=\"container\" data-e-type=\"container\">\n\t\t\t\t<div class=\"elementor-element elementor-element-ab9d7b4 elementor-widget elementor-widget-heading\" data-id=\"ab9d7b4\" data-element_type=\"widget\" data-e-type=\"widget\" data-widget_type=\"heading.default\">\n\t\t\t\t<div class=\"elementor-widget-container\">\n\t\t\t\t\t<h2 class=\"elementor-heading-title elementor-size-default\">01 | Personal<\/h2>\t\t\t\t<\/div>\n\t\t\t\t<\/div>\n\t\t\t\t<div class=\"elementor-element elementor-element-65066bb elementor-widget elementor-widget-text-editor\" data-id=\"65066bb\" data-element_type=\"widget\" data-e-type=\"widget\" data-widget_type=\"text-editor.default\">\n\t\t\t\t<div class=\"elementor-widget-container\">\n\t\t\t\t\t\t\t\t\t<p>Ponemos a tu disposici\u00f3n un equipo de expertos con experiencia demostrada en compa\u00f1\u00edas a\u00e9reas y escuelas de formaci\u00f3n de pilotos, lo que nos permite enfocar tus necesidades profesionales de la manera m\u00e1s id\u00f3nea.<\/p>\t\t\t\t\t\t\t\t<\/div>\n\t\t\t\t<\/div>\n\t\t\t\t<\/div>\n\t\t<div class=\"elementor-element elementor-element-958d455 e-con-full e-flex e-con e-child\" data-id=\"958d455\" data-element_type=\"container\" data-e-type=\"container\">\n\t\t\t\t<div class=\"elementor-element elementor-element-2334e1e elementor-widget elementor-widget-heading\" data-id=\"2334e1e\" data-element_type=\"widget\" data-e-type=\"widget\" data-widget_type=\"heading.default\">\n\t\t\t\t<div class=\"elementor-widget-container\">\n\t\t\t\t\t<h2 class=\"elementor-heading-title elementor-size-default\">02 | Recursos<\/h2>\t\t\t\t<\/div>\n\t\t\t\t<\/div>\n\t\t\t\t<div class=\"elementor-element elementor-element-a6ae202 elementor-widget elementor-widget-text-editor\" data-id=\"a6ae202\" data-element_type=\"widget\" data-e-type=\"widget\" data-widget_type=\"text-editor.default\">\n\t\t\t\t<div class=\"elementor-widget-container\">\n\t\t\t\t\t\t\t\t\t<p>El enfoque pr\u00e1ctico de nuestro trabajo nos permite asesorar a nuestros clientes en la mejora de los procesos, siempre desde el prisma de optimizaci\u00f3n de los recursos que una empresa externa puede aportar.<\/p>\t\t\t\t\t\t\t\t<\/div>\n\t\t\t\t<\/div>\n\t\t\t\t<\/div>\n\t\t<div class=\"elementor-element elementor-element-c7522fc e-con-full e-flex e-con e-child\" data-id=\"c7522fc\" data-element_type=\"container\" data-e-type=\"container\">\n\t\t\t\t<div class=\"elementor-element elementor-element-862d6fb elementor-widget elementor-widget-heading\" data-id=\"862d6fb\" data-element_type=\"widget\" data-e-type=\"widget\" data-widget_type=\"heading.default\">\n\t\t\t\t<div class=\"elementor-widget-container\">\n\t\t\t\t\t<h2 class=\"elementor-heading-title elementor-size-default\">03 | Imagen<\/h2>\t\t\t\t<\/div>\n\t\t\t\t<\/div>\n\t\t\t\t<div class=\"elementor-element elementor-element-7c36ec7 elementor-widget elementor-widget-text-editor\" data-id=\"7c36ec7\" data-element_type=\"widget\" data-e-type=\"widget\" data-widget_type=\"text-editor.default\">\n\t\t\t\t<div class=\"elementor-widget-container\">\n\t\t\t\t\t\t\t\t\t<p>El tama\u00f1o de la empresa o la falta de recursos no puede ser la excusa para descuidar la imagen. Nosotros asesoraremos y trabajaremos con tu empresa para transmitir la imagen profesional que requiere.<\/p>\t\t\t\t\t\t\t\t<\/div>\n\t\t\t\t<\/div>\n\t\t\t\t<\/div>\n\t\t<div class=\"elementor-element elementor-element-9921438 e-con-full e-flex e-con e-child\" data-id=\"9921438\" data-element_type=\"container\" data-e-type=\"container\">\n\t\t\t\t<div class=\"elementor-element elementor-element-dfa30f2 elementor-widget elementor-widget-heading\" data-id=\"dfa30f2\" data-element_type=\"widget\" data-e-type=\"widget\" data-widget_type=\"heading.default\">\n\t\t\t\t<div class=\"elementor-widget-container\">\n\t\t\t\t\t<h2 class=\"elementor-heading-title elementor-size-default\">04 | Resultados<\/h2>\t\t\t\t<\/div>\n\t\t\t\t<\/div>\n\t\t\t\t<div class=\"elementor-element elementor-element-b828c9f elementor-widget elementor-widget-text-editor\" data-id=\"b828c9f\" data-element_type=\"widget\" data-e-type=\"widget\" data-widget_type=\"text-editor.default\">\n\t\t\t\t<div class=\"elementor-widget-container\">\n\t\t\t\t\t\t\t\t\t<p>En FLYLAB nos implicamos al m\u00e1ximo en cada proyecto siempre con un objetivo concreto y alcanzable. Nos motivan los \u00e9xitos de tu empresa y el poder participar de ellos como un \u201cempleado\u201d m\u00e1s.<\/p>\t\t\t\t\t\t\t\t<\/div>\n\t\t\t\t<\/div>\n\t\t\t\t<\/div>\n\t\t\t\t\t<\/div>\n\t\t\t\t<\/div>\n\t\t\t\t<\/div>\n\t\t","protected":false},"excerpt":{"rendered":"<p>TEK Corporation Proveedor l\u00edder de servicios MRO y soluciones en Latinoam\u00e9rica, como en el entorno de Europa y Africa TEK [&hellip;]<\/p>\n","protected":false},"author":1,"featured_media":0,"parent":0,"menu_order":0,"comment_status":"closed","ping_status":"closed","template":"","meta":{"site-sidebar-layout":"no-sidebar","site-content-layout":"","ast-site-content-layout":"full-width-container","site-content-style":"default","site-sidebar-style":"default","ast-global-header-display":"","ast-banner-title-visibility":"","ast-main-header-display":"","ast-hfb-above-header-display":"","ast-hfb-below-header-display":"","ast-hfb-mobile-header-display":"","site-post-title":"disabled","ast-breadcrumbs-content":"","ast-featured-img":"disabled","footer-sml-layout":"","ast-disable-related-posts":"","theme-transparent-header-meta":"","adv-header-id-meta":"","stick-header-meta":"","header-above-stick-meta":"","header-main-stick-meta":"","header-below-stick-meta":"","astra-migrate-meta-layouts":"default","ast-page-background-enabled":"default","ast-page-background-meta":{"desktop":{"background-color":"var(--ast-global-color-4)","background-image":"","background-repeat":"repeat","background-position":"center center","background-size":"auto","background-attachment":"scroll","background-type":"","background-media":"","overlay-type":"","overlay-color":"","overlay-opacity":"","overlay-gradient":""},"tablet":{"background-color":"","background-image":"","background-repeat":"repeat","background-position":"center center","background-size":"auto","background-attachment":"scroll","background-type":"","background-media":"","overlay-type":"","overlay-color":"","overlay-opacity":"","overlay-gradient":""},"mobile":{"background-color":"","background-image":"","background-repeat":"repeat","background-position":"center center","background-size":"auto","background-attachment":"scroll","background-type":"","background-media":"","overlay-type":"","overlay-color":"","overlay-opacity":"","overlay-gradient":""}},"ast-content-background-meta":{"desktop":{"background-color":"var(--ast-global-color-5)","background-image":"","background-repeat":"repeat","background-position":"center center","background-size":"auto","background-attachment":"scroll","background-type":"","background-media":"","overlay-type":"","overlay-color":"","overlay-opacity":"","overlay-gradient":""},"tablet":{"background-color":"var(--ast-global-color-5)","background-image":"","background-repeat":"repeat","background-position":"center center","background-size":"auto","background-attachment":"scroll","background-type":"","background-media":"","overlay-type":"","overlay-color":"","overlay-opacity":"","overlay-gradient":""},"mobile":{"background-color":"var(--ast-global-color-5)","background-image":"","background-repeat":"repeat","background-position":"center center","background-size":"auto","background-attachment":"scroll","background-type":"","background-media":"","overlay-type":"","overlay-color":"","overlay-opacity":"","overlay-gradient":""}},"footnotes":""},"class_list":["post-11","page","type-page","status-publish","hentry"],"_links":{"self":[{"href":"https:\/\/tekcorp.net.pe\/en\/wp-json\/wp\/v2\/pages\/11","targetHints":{"allow":["GET"]}}],"collection":[{"href":"https:\/\/tekcorp.net.pe\/en\/wp-json\/wp\/v2\/pages"}],"about":[{"href":"https:\/\/tekcorp.net.pe\/en\/wp-json\/wp\/v2\/types\/page"}],"author":[{"embeddable":true,"href":"https:\/\/tekcorp.net.pe\/en\/wp-json\/wp\/v2\/users\/1"}],"replies":[{"embeddable":true,"href":"https:\/\/tekcorp.net.pe\/en\/wp-json\/wp\/v2\/comments?post=11"}],"version-history":[{"count":190,"href":"https:\/\/tekcorp.net.pe\/en\/wp-json\/wp\/v2\/pages\/11\/revisions"}],"predecessor-version":[{"id":1209,"href":"https:\/\/tekcorp.net.pe\/en\/wp-json\/wp\/v2\/pages\/11\/revisions\/1209"}],"wp:attachment":[{"href":"https:\/\/tekcorp.net.pe\/en\/wp-json\/wp\/v2\/media?parent=11"}],"curies":[{"name":"wp","href":"https:\/\/api.w.org\/{rel}","templated":true}]}}