{"id":1030,"date":"2025-08-01T06:34:27","date_gmt":"2025-08-01T06:34:27","guid":{"rendered":"https:\/\/tekcorp.net.pe\/?page_id=1030"},"modified":"2025-08-18T06:44:32","modified_gmt":"2025-08-18T06:44:32","slug":"oma-fotos","status":"publish","type":"page","link":"https:\/\/tekcorp.net.pe\/en\/oma-fotos\/","title":{"rendered":"oma-fotos"},"content":{"rendered":"\t\t<div data-elementor-type=\"wp-page\" data-elementor-id=\"1030\" class=\"elementor elementor-1030\">\n\t\t\t\t<div class=\"elementor-element elementor-element-376e5b6b e-con-full e-flex e-con e-parent\" data-id=\"376e5b6b\" data-element_type=\"container\" data-e-type=\"container\" data-settings=\"{&quot;background_background&quot;:&quot;slideshow&quot;,&quot;background_slideshow_gallery&quot;:[{&quot;id&quot;:1129,&quot;url&quot;:&quot;https:\\\/\\\/tekcorp.net.pe\\\/wp-content\\\/uploads\\\/2025\\\/08\\\/fondo23.jpg&quot;},{&quot;id&quot;:1128,&quot;url&quot;:&quot;https:\\\/\\\/tekcorp.net.pe\\\/wp-content\\\/uploads\\\/2025\\\/08\\\/fondo22.jpg&quot;},{&quot;id&quot;:1127,&quot;url&quot;:&quot;https:\\\/\\\/tekcorp.net.pe\\\/wp-content\\\/uploads\\\/2025\\\/08\\\/fondo21.jpg&quot;},{&quot;id&quot;:1126,&quot;url&quot;:&quot;https:\\\/\\\/tekcorp.net.pe\\\/wp-content\\\/uploads\\\/2025\\\/08\\\/bell.jpg&quot;},{&quot;id&quot;:1122,&quot;url&quot;:&quot;https:\\\/\\\/tekcorp.net.pe\\\/wp-content\\\/uploads\\\/2025\\\/08\\\/boeing.jpg&quot;}],&quot;background_slideshow_loop&quot;:&quot;yes&quot;,&quot;background_slideshow_slide_duration&quot;:5000,&quot;background_slideshow_slide_transition&quot;:&quot;fade&quot;,&quot;background_slideshow_transition_duration&quot;:500}\">\n\t\t<div class=\"elementor-element elementor-element-23ef475e e-flex e-con-boxed e-con e-child\" data-id=\"23ef475e\" data-element_type=\"container\" data-e-type=\"container\">\n\t\t\t\t\t<div class=\"e-con-inner\">\n\t\t\t\t<div class=\"elementor-element elementor-element-1bf883a1 elementor-widget elementor-widget-heading\" data-id=\"1bf883a1\" data-element_type=\"widget\" data-e-type=\"widget\" data-widget_type=\"heading.default\">\n\t\t\t\t<div class=\"elementor-widget-container\">\n\t\t\t\t\t<h2 class=\"elementor-heading-title elementor-size-default\">TEK Corporation<\/h2>\t\t\t\t<\/div>\n\t\t\t\t<\/div>\n\t\t\t\t<div class=\"elementor-element elementor-element-c01e0d3 elementor-widget__width-initial elementor-widget elementor-widget-text-editor\" data-id=\"c01e0d3\" data-element_type=\"widget\" data-e-type=\"widget\" data-widget_type=\"text-editor.default\">\n\t\t\t\t<div class=\"elementor-widget-container\">\n\t\t\t\t\t\t\t\t\t<p>Im\u00e1genes y videos<\/p>\t\t\t\t\t\t\t\t<\/div>\n\t\t\t\t<\/div>\n\t\t\t\t\t<\/div>\n\t\t\t\t<\/div>\n\t\t\t\t<\/div>\n\t\t<div class=\"elementor-element elementor-element-c16641e e-flex e-con-boxed e-con e-parent\" data-id=\"c16641e\" data-element_type=\"container\" data-e-type=\"container\">\n\t\t\t\t\t<div class=\"e-con-inner\">\n\t\t<div class=\"elementor-element elementor-element-c0b07ab e-con-full e-flex e-con e-child\" data-id=\"c0b07ab\" data-element_type=\"container\" data-e-type=\"container\">\n\t\t\t\t<div class=\"elementor-element elementor-element-f035892 elementor-widget elementor-widget-heading\" data-id=\"f035892\" data-element_type=\"widget\" data-e-type=\"widget\" data-widget_type=\"heading.default\">\n\t\t\t\t<div class=\"elementor-widget-container\">\n\t\t\t\t\t<h2 class=\"elementor-heading-title elementor-size-default\">Nuestra galer\u00eda de videos e im\u00e1genes<\/h2>\t\t\t\t<\/div>\n\t\t\t\t<\/div>\n\t\t\t\t<\/div>\n\t\t<div class=\"elementor-element elementor-element-a1375d4 e-con-full e-flex e-con e-child\" data-id=\"a1375d4\" data-element_type=\"container\" data-e-type=\"container\">\n\t\t\t\t<div class=\"elementor-element elementor-element-8bc1aae elementor-widget elementor-widget-video\" data-id=\"8bc1aae\" data-element_type=\"widget\" data-e-type=\"widget\" data-settings=\"{&quot;youtube_url&quot;:&quot;https:\\\/\\\/youtu.be\\\/6snC0WBIcbg&quot;,&quot;start&quot;:0,&quot;video_type&quot;:&quot;youtube&quot;,&quot;controls&quot;:&quot;yes&quot;}\" data-widget_type=\"video.default\">\n\t\t\t\t<div class=\"elementor-widget-container\">\n\t\t\t\t\t\t\t<div class=\"elementor-wrapper elementor-open-inline\">\n\t\t\t<div class=\"elementor-video\"><\/div>\t\t<\/div>\n\t\t\t\t\t\t<\/div>\n\t\t\t\t<\/div>\n\t\t\t\t<div class=\"elementor-element elementor-element-c71942d elementor-widget elementor-widget-heading\" data-id=\"c71942d\" data-element_type=\"widget\" data-e-type=\"widget\" data-widget_type=\"heading.default\">\n\t\t\t\t<div class=\"elementor-widget-container\">\n\t\t\t\t\t<h2 class=\"elementor-heading-title elementor-size-default\">TekCorp Video 01<\/h2>\t\t\t\t<\/div>\n\t\t\t\t<\/div>\n\t\t\t\t<\/div>\n\t\t\t\t\t<\/div>\n\t\t\t\t<\/div>\n\t\t\t\t<\/div>\n\t\t","protected":false},"excerpt":{"rendered":"<p>TEK Corporation Im\u00e1genes y videos Nuestra galer\u00eda de videos e im\u00e1genes TekCorp Video 01<\/p>","protected":false},"author":1,"featured_media":0,"parent":0,"menu_order":0,"comment_status":"closed","ping_status":"closed","template":"","meta":{"site-sidebar-layout":"no-sidebar","site-content-layout":"","ast-site-content-layout":"full-width-container","site-content-style":"default","site-sidebar-style":"default","ast-global-header-display":"","ast-banner-title-visibility":"","ast-main-header-display":"","ast-hfb-above-header-display":"","ast-hfb-below-header-display":"","ast-hfb-mobile-header-display":"","site-post-title":"disabled","ast-breadcrumbs-content":"","ast-featured-img":"disabled","footer-sml-layout":"","ast-disable-related-posts":"","theme-transparent-header-meta":"","adv-header-id-meta":"","stick-header-meta":"","header-above-stick-meta":"","header-main-stick-meta":"","header-below-stick-meta":"","astra-migrate-meta-layouts":"default","ast-page-background-enabled":"default","ast-page-background-meta":{"desktop":{"background-color":"var(--ast-global-color-4)","background-image":"","background-repeat":"repeat","background-position":"center center","background-size":"auto","background-attachment":"scroll","background-type":"","background-media":"","overlay-type":"","overlay-color":"","overlay-opacity":"","overlay-gradient":""},"tablet":{"background-color":"","background-image":"","background-repeat":"repeat","background-position":"center center","background-size":"auto","background-attachment":"scroll","background-type":"","background-media":"","overlay-type":"","overlay-color":"","overlay-opacity":"","overlay-gradient":""},"mobile":{"background-color":"","background-image":"","background-repeat":"repeat","background-position":"center center","background-size":"auto","background-attachment":"scroll","background-type":"","background-media":"","overlay-type":"","overlay-color":"","overlay-opacity":"","overlay-gradient":""}},"ast-content-background-meta":{"desktop":{"background-color":"var(--ast-global-color-5)","background-image":"","background-repeat":"repeat","background-position":"center center","background-size":"auto","background-attachment":"scroll","background-type":"","background-media":"","overlay-type":"","overlay-color":"","overlay-opacity":"","overlay-gradient":""},"tablet":{"background-color":"var(--ast-global-color-5)","background-image":"","background-repeat":"repeat","background-position":"center center","background-size":"auto","background-attachment":"scroll","background-type":"","background-media":"","overlay-type":"","overlay-color":"","overlay-opacity":"","overlay-gradient":""},"mobile":{"background-color":"var(--ast-global-color-5)","background-image":"","background-repeat":"repeat","background-position":"center center","background-size":"auto","background-attachment":"scroll","background-type":"","background-media":"","overlay-type":"","overlay-color":"","overlay-opacity":"","overlay-gradient":""}},"footnotes":""},"class_list":["post-1030","page","type-page","status-publish","hentry"],"_links":{"self":[{"href":"https:\/\/tekcorp.net.pe\/en\/wp-json\/wp\/v2\/pages\/1030","targetHints":{"allow":["GET"]}}],"collection":[{"href":"https:\/\/tekcorp.net.pe\/en\/wp-json\/wp\/v2\/pages"}],"about":[{"href":"https:\/\/tekcorp.net.pe\/en\/wp-json\/wp\/v2\/types\/page"}],"author":[{"embeddable":true,"href":"https:\/\/tekcorp.net.pe\/en\/wp-json\/wp\/v2\/users\/1"}],"replies":[{"embeddable":true,"href":"https:\/\/tekcorp.net.pe\/en\/wp-json\/wp\/v2\/comments?post=1030"}],"version-history":[{"count":34,"href":"https:\/\/tekcorp.net.pe\/en\/wp-json\/wp\/v2\/pages\/1030\/revisions"}],"predecessor-version":[{"id":1200,"href":"https:\/\/tekcorp.net.pe\/en\/wp-json\/wp\/v2\/pages\/1030\/revisions\/1200"}],"wp:attachment":[{"href":"https:\/\/tekcorp.net.pe\/en\/wp-json\/wp\/v2\/media?parent=1030"}],"curies":[{"name":"wp","href":"https:\/\/api.w.org\/{rel}","templated":true}]}}